{"id":217,"date":"2020-07-05T09:32:47","date_gmt":"2020-07-05T12:32:47","guid":{"rendered":"http:\/\/steaque.themezinho.net\/?page_id=217"},"modified":"2021-10-26T16:55:03","modified_gmt":"2021-10-26T19:55:03","slug":"taj-bar","status":"publish","type":"page","link":"https:\/\/tajbar.com.br\/tajbc\/taj-bar\/","title":{"rendered":"TAJ BAR"},"content":{"rendered":"<p>[vc_row use_container=&#8221;yes&#8221;][vc_column][vc_row_inner][vc_column_inner][\/vc_column_inner][\/vc_row_inner][vc_row_inner][vc_column_inner width=&#8221;1\/2&#8243; css=&#8221;.vc_custom_1628947004909{padding-top: 10px !important;padding-right: 10px !important;padding-bottom: 10px !important;padding-left: 10px !important;}&#8221;][ts_section_title tagline=&#8221;NOSSO BAR&#8221; title=&#8221;TajBar&#8221;][ts_text_box]<\/p>\n<h5 style=\"text-align: left;\">Eleito o melhor lugar para paquerar na cidade por cinco vezes consecutivas pela Revista Veja<\/h5>\n<p>Curitiba \u2013 O melhor da cidade, o TAJ \u00e9 um lugar ideal para Happy Hour.<\/p>\n<p>Bar tem\u00e1tico sofisticado e clima indo-asi\u00e1tico, com m\u00fasica e cozinha refinada. Ideal para jantar, curtir com os amigos e conhecer gente bonita.<\/p>\n<p>Os ambientes aconchegantes e descontra\u00eddos do bar tem inspira\u00e7\u00e3o indo-asi\u00e1tica e sempre contam com os melhores DJ\u2019s locais.<\/p>\n<p>Garantia de um programa noturno de qualidade, o TAJ \u00e9 a escolha certa para quem curte o que h\u00e1 de melhor em Balne\u00e1rio Cambori\u00fa.<\/p>\n<p>[\/ts_text_box][\/vc_column_inner][vc_column_inner width=&#8221;1\/2&#8243;][vc_empty_space height=&#8221;100px&#8221;][vc_single_image image=&#8221;460&#8243; img_size=&#8221;full&#8221;][\/vc_column_inner][\/vc_row_inner][vc_row_inner css=&#8221;.vc_custom_1593941965352{margin-top: 30px !important;margin-bottom: 30px !important;}&#8221;][vc_column_inner][\/vc_column_inner][\/vc_row_inner][\/vc_column][\/vc_row][vc_row section_ratio=&#8221;1.1&#8243; section_background_image=&#8221;234&#8243; css=&#8221;.vc_custom_1593942688500{margin-right: 0px !important;margin-left: 0px !important;}&#8221;][vc_column css=&#8221;.vc_custom_1593812173744{padding-right: 0px !important;padding-left: 0px !important;}&#8221;][ts_testimonials_slider details=&#8221;%5B%7B%22date%22%3A%22LUGAR%20MARAVILHOSO!%22%2C%22testimonial%22%3A%22Excelente%20restaurante%2C%20com%20pratos%20maravilhosos%2C%20al%C3%A9m%20de%20uma%20vasta%20e%20deliciosa%20carta%20de%20drinks.%20A%20noite%20ainda%20tem%20DJ%20com%20um%20excelente%20repert%C3%B3rio%2C%20para%20completar%20a%20experi%C3%AAncia.%22%2C%22name%22%3A%22Aline%20De%20Alcantara%22%7D%2C%7B%22date%22%3A%22UM%20LUGAR%20AGRAD%C3%81VEL%22%2C%22testimonial%22%3A%22Ambiente%20bem%20decorado%20e%20agrad%C3%A1vel%2C%20atendimento%20cordial%2C%20servem%20pratos%20diversificados%20de%20excelente%20qualidade%2C%20tudo%20isso%20acompanhado%20de%20uma%20boa%20m%C3%BAsica.%22%2C%22name%22%3A%22Marina%20Milani%22%7D%2C%7B%22date%22%3A%22TAJ%22%2C%22testimonial%22%3A%22O%20atendimento%20no%20Taj%20%C3%A9%20excelente.%20As%20comidas%20ent%C3%A3o%2C%20meu%20Deus.%20Que%20del%C3%ADcia%20%3B-)%20Taj%20%C3%A9%20demais.%20Parab%C3%A9ns%20pelo%20sucesso%20!%22%2C%22name%22%3A%22Marina%20Milani%22%7D%5D&#8221;][\/vc_column][\/vc_row][vc_row section_ratio=&#8221;1.1&#8243; use_container=&#8221;yes&#8221; use_predefined_class=&#8221;yes&#8221; section_background_image=&#8221;80&#8243; predefined_class=&#8221;bg-contain&#8221;][vc_column][vc_row_inner][vc_column_inner][ts_section_title tagline=&#8221;O MELHOR PARA VOC\u00ca&#8221; title=&#8221;Nossa Sugest\u00e3o&#8221;][\/vc_column_inner][\/vc_row_inner][vc_row_inner el_class=&#8221;justify-content-center&#8221;][vc_column_inner width=&#8221;1\/3&#8243; offset=&#8221;vc_col-md-3&#8243;][ts_icon_box icon=&#8221;306&#8243; title=&#8221;COMBINADOS&#8221; description=&#8221;Variedades de Combinados a sua disposi\u00e7\u00e3o.&#8221;][\/vc_column_inner][vc_column_inner width=&#8221;1\/3&#8243; offset=&#8221;vc_col-md-3&#8243;][ts_icon_box icon=&#8221;307&#8243; title=&#8221;HAMBURGUERES&#8221; description=&#8221;Saborosos Com Os Melhores Pre\u00e7os.&#8221;][\/vc_column_inner][vc_column_inner width=&#8221;1\/3&#8243; offset=&#8221;vc_col-md-3&#8243;][ts_icon_box icon=&#8221;308&#8243; title=&#8221;COQUETEIS&#8221; description=&#8221;Os Melhores Drinks Da Cidade.&#8221;][\/vc_column_inner][\/vc_row_inner][vc_row_inner el_class=&#8221;justify-content-center&#8221;][vc_column_inner][vc_empty_space height=&#8221;50px&#8221;][\/vc_column_inner][\/vc_row_inner][vc_row_inner el_class=&#8221;justify-content-center&#8221;][vc_column_inner width=&#8221;1\/3&#8243; offset=&#8221;vc_col-md-3&#8243;][ts_icon_box icon=&#8221;309&#8243; title=&#8221;SOBREMAS&#8221; description=&#8221;Tudo Que Voc\u00ea Precisa Para Ado\u00e7ar Sua Noite.&#8221;][\/vc_column_inner][vc_column_inner width=&#8221;1\/3&#8243; offset=&#8221;vc_col-md-3&#8243;][ts_icon_box icon=&#8221;310&#8243; title=&#8221;PHARMACY DRINKS&#8221; description=&#8221;Umas Experi\u00eancia Entre Sabores.&#8221;][\/vc_column_inner][\/vc_row_inner][\/vc_column][\/vc_row]<\/p>\n","protected":false},"excerpt":{"rendered":"<p>[vc_row use_container=&#8221;yes&#8221;][vc_column][vc_row_inner][vc_column_inner][\/vc_column_inner][\/vc_row_inner][vc_row_inner][vc_column_inner width=&#8221;1\/2&#8243; css=&#8221;.vc_custom_1628947004909{padding-top: 10px !important;padding-right: 10px !important;padding-bottom: 10px !important;padding-left: 10px !important;}&#8221;][ts_section_title tagline=&#8221;NOSSO BAR&#8221; title=&#8221;TajBar&#8221;][ts_text_box] Eleito o melhor lugar para paquerar na cidade por cinco vezes consecutivas pela Revista Veja Curitiba \u2013 O melhor da cidade, o TAJ \u00e9 um lugar ideal para Happy Hour. Bar tem\u00e1tico sofisticado e clima indo-asi\u00e1tico, com m\u00fasica e cozinha [&hellip;]<\/p>\n","protected":false},"author":1,"featured_media":0,"parent":0,"menu_order":0,"comment_status":"closed","ping_status":"closed","template":"page-builder.php","meta":{"om_disable_all_campaigns":false,"footnotes":""},"class_list":["post-217","page","type-page","status-publish","hentry"],"_links":{"self":[{"href":"https:\/\/tajbar.com.br\/tajbc\/wp-json\/wp\/v2\/pages\/217","targetHints":{"allow":["GET"]}}],"collection":[{"href":"https:\/\/tajbar.com.br\/tajbc\/wp-json\/wp\/v2\/pages"}],"about":[{"href":"https:\/\/tajbar.com.br\/tajbc\/wp-json\/wp\/v2\/types\/page"}],"author":[{"embeddable":true,"href":"https:\/\/tajbar.com.br\/tajbc\/wp-json\/wp\/v2\/users\/1"}],"replies":[{"embeddable":true,"href":"https:\/\/tajbar.com.br\/tajbc\/wp-json\/wp\/v2\/comments?post=217"}],"version-history":[{"count":23,"href":"https:\/\/tajbar.com.br\/tajbc\/wp-json\/wp\/v2\/pages\/217\/revisions"}],"predecessor-version":[{"id":554,"href":"https:\/\/tajbar.com.br\/tajbc\/wp-json\/wp\/v2\/pages\/217\/revisions\/554"}],"wp:attachment":[{"href":"https:\/\/tajbar.com.br\/tajbc\/wp-json\/wp\/v2\/media?parent=217"}],"curies":[{"name":"wp","href":"https:\/\/api.w.org\/{rel}","templated":true}]}}