{"id":9,"date":"2020-07-02T17:42:52","date_gmt":"2020-07-02T17:42:52","guid":{"rendered":"http:\/\/steaque.themezinho.net\/?page_id=9"},"modified":"2025-02-18T16:27:13","modified_gmt":"2025-02-18T19:27:13","slug":"home","status":"publish","type":"page","link":"https:\/\/tajbar.com.br\/tajbc\/","title":{"rendered":"Home"},"content":{"rendered":"<p>[vc_row motts_theme_padding=&#8221;no&#8221; css=&#8221;.vc_custom_1593721916552{margin-right: 0px !important;margin-left: 0px !important;}&#8221;][vc_column css=&#8221;.vc_custom_1628890255454{padding-right: 0px !important;padding-left: 0px !important;}&#8221; el_id=&#8221;slider&#8221; el_class=&#8221;slider&#8221;][ts_hero_slider hero_slider=&#8221;14&#8243;][\/vc_column][\/vc_row][vc_row content_placement=&#8221;middle&#8221; section_background_color=&#8221;#f5f1ea&#8221; use_container=&#8221;yes&#8221;][vc_column offset=&#8221;vc_col-md-6&#8243;][ts_side_content tagline=&#8221;TAJ Bar&#8221; title=&#8221;Explore os seus sentidos&#8221; description=&#8221;Bar tem\u00e1tico sofisticado estilo indo-asi\u00e1tico, com m\u00fasica e cozinha refinada.&#8221; button_label=&#8221;CONHE\u00c7A O TAJ&#8221; button_url=&#8221;https:\/\/www.instagram.com\/tajbc\/&#8221;][\/vc_column][vc_column offset=&#8221;vc_col-md-6&#8243;][ts_side_content title=&#8221;Reserve uma mesa&#8221; description=&#8221;O setor de reservas atende pelo WhatsApp 47 99651-0169&#8243; button_label=&#8221;RESERVAR VIA WHATS&#8221; button_url=&#8221;https:\/\/api.whatsapp.com\/send?phone=5547996510169&#8243;][\/vc_column][\/vc_row][vc_row section_ratio=&#8221;1.1&#8243; use_container=&#8221;yes&#8221; use_predefined_class=&#8221;yes&#8221; section_background_image=&#8221;80&#8243; predefined_class=&#8221;bg-contain&#8221;][vc_column][vc_row_inner][vc_column_inner][ts_section_title tagline=&#8221;UM MENU COMPLETO&#8221; title=&#8221;Card\u00e1pio&#8221;][\/vc_column_inner][\/vc_row_inner][vc_row_inner el_class=&#8221;justify-content-center&#8221;][vc_column_inner width=&#8221;1\/3&#8243; offset=&#8221;vc_col-md-3&#8243;][ts_icon_box icon=&#8221;306&#8243; title=&#8221;COMBINADOS&#8221; description=&#8221;Variedade em combinados e uramakis&#8221;][\/vc_column_inner][vc_column_inner width=&#8221;1\/3&#8243; offset=&#8221;vc_col-md-3&#8243;][ts_icon_box icon=&#8221;307&#8243; title=&#8221;PRATOS QUENTES&#8221; description=&#8221;Para todos os gostos.&#8221;][\/vc_column_inner][vc_column_inner width=&#8221;1\/3&#8243; offset=&#8221;vc_col-md-3&#8243;][ts_icon_box icon=&#8221;308&#8243; title=&#8221;DRINKS&#8221; description=&#8221;Os Melhores Drinks Da Cidade.&#8221;][\/vc_column_inner][\/vc_row_inner][vc_row_inner el_class=&#8221;justify-content-center&#8221;][vc_column_inner][vc_empty_space height=&#8221;50px&#8221;][\/vc_column_inner][\/vc_row_inner][vc_row_inner el_class=&#8221;justify-content-center&#8221;][vc_column_inner width=&#8221;1\/3&#8243; offset=&#8221;vc_col-md-3&#8243;][ts_icon_box icon=&#8221;309&#8243; title=&#8221;SOBREMAS&#8221; description=&#8221;Para Ado\u00e7ar Sua Noite.&#8221;][\/vc_column_inner][vc_column_inner width=&#8221;1\/3&#8243; offset=&#8221;vc_col-md-3&#8243;][ts_icon_box icon=&#8221;310&#8243; title=&#8221;ENTRADAS&#8221; description=&#8221;Para compartilhar.&#8221;][\/vc_column_inner][\/vc_row_inner][\/vc_column][\/vc_row][vc_row motts_theme_padding=&#8221;no&#8221; css=&#8221;.vc_custom_1593956213575{margin-right: 0px !important;margin-left: 0px !important;}&#8221; el_class=&#8221;justify-content-center&#8221;][vc_column width=&#8221;1\/2&#8243; offset=&#8221;vc_col-md-4&#8243;][ts_menu_pack_box icon=&#8221;463&#8243; title=&#8221;SUSHI&#8221;][\/vc_column][vc_column width=&#8221;1\/2&#8243; offset=&#8221;vc_col-md-4&#8243;][ts_menu_pack_box icon=&#8221;462&#8243; title=&#8221;PRATOS QUENTES&#8221;][\/vc_column][vc_column width=&#8221;1\/2&#8243; offset=&#8221;vc_col-md-4&#8243;][ts_menu_pack_box icon=&#8221;459&#8243; title=&#8221;DRINKS&#8221;][\/vc_column][\/vc_row][vc_row use_container=&#8221;yes&#8221; css=&#8221;.vc_custom_1593809252003{margin-right: 0px !important;margin-left: 0px !important;}&#8221;][vc_column][vc_row_inner][vc_column_inner][ts_section_title tagline=&#8221;DELICIOSO&#8221; title=&#8221;Entradas&#8221;][\/vc_column_inner][\/vc_row_inner][vc_row_inner][vc_column_inner][ts_left_side_image_menu details=&#8221;%5B%7B%22food%22%3A%22Tempur%C3%A1%20de%20Camar%C3%A3o%22%7D%2C%7B%22food%22%3A%22Grilled%20Shrimp%22%7D%2C%7B%22food%22%3A%22Steak%20Tartare%22%7D%2C%7B%22food%22%3A%22Burrata%22%7D%2C%7B%22food%22%3A%22Tapioca%20Cake%22%7D%5D&#8221; image=&#8221;559&#8243; title=&#8221;Entradas&#8221; image_layer=&#8221;559&#8243;][\/vc_column_inner][\/vc_row_inner][vc_row_inner][vc_column_inner][ts_right_side_image_menu image=&#8221;564&#8243; title=&#8221;PRATOS PRINCIPAIS&#8221; details=&#8221;%5B%7B%22food%22%3A%22Entrec%C3%B4te%20L&#8217;ancienne%22%7D%2C%7B%22food%22%3A%22Smoked%20Pasta%22%7D%2C%7B%22food%22%3A%22Palm%20Prawn%20Curry%22%7D%2C%7B%22food%22%3A%22Taj%20Steak%22%7D%2C%7B%22food%22%3A%22Samon%22%7D%2C%7B%22food%22%3A%22Miso%20Fish%22%7D%5D&#8221; image_layer=&#8221;121&#8243;][\/vc_column_inner][\/vc_row_inner][\/vc_column][\/vc_row][vc_row section_ratio=&#8221;1.1&#8243; use_container=&#8221;yes&#8221; section_background_image=&#8221;52&#8243; css=&#8221;.vc_custom_1593864543218{margin-right: 0px !important;margin-left: 0px !important;}&#8221;][vc_column css=&#8221;.vc_custom_1593812142412{padding-right: 0px !important;padding-left: 0px !important;}&#8221;][vc_row_inner][vc_column_inner offset=&#8221;vc_col-md-6&#8243;][ts_service_box icon=&#8221;310&#8243; title=&#8221;BAR&#8221; description=&#8221;Aproveite o nosso Happy hour. Consulte hor\u00e1rios de atendimento.&#8221;][\/vc_column_inner][vc_column_inner offset=&#8221;vc_col-md-6&#8243;][ts_service_box icon=&#8221;323&#8243; title=&#8221;ORIENTAL SPARKLING&#8221; description=&#8221;Toda quinta, uma sele\u00e7\u00e3o das melhores pe\u00e7as de sushi com espumante A VONTADE at\u00e9 \u00e0s 23h30.&#8221;][\/vc_column_inner][\/vc_row_inner][vc_row_inner][vc_column_inner offset=&#8221;vc_col-md-6&#8243;][ts_service_box icon=&#8221;321&#8243; title=&#8221;MENU WINE&#8221; description=&#8221;Toda quarta, temos um menu completo com OPEN de vinho branco, tinto e ros\u00e9 at\u00e9 \u00e0s 23h30.&#8221;][\/vc_column_inner][vc_column_inner offset=&#8221;vc_col-md-6&#8243;][ts_service_box icon=&#8221;322&#8243; title=&#8221;MENU VARIADO&#8221; description=&#8221;Al\u00e9m do Sushi Bar, carro chefe da casa, oferecemos pratos quentes, petiscos e op\u00e7\u00f5es veganas.&#8221;][\/vc_column_inner][\/vc_row_inner][\/vc_column][\/vc_row][vc_row use_container=&#8221;yes&#8221;][vc_column][vc_row_inner][vc_column_inner][ts_section_title tagline=&#8221;ALGUNS MOMENTOS&#8221; title=&#8221;Galeria&#8221;][\/vc_column_inner][\/vc_row_inner][vc_row_inner][vc_column_inner][ts_photo_gallery has_readmore=&#8221;yes&#8221; readmore_label=&#8221;VEJA TODAS AS FOTOS&#8221; details=&#8221;%5B%7B%22image%22%3A%22573%22%2C%22title%22%3A%22Image%22%2C%22animate_block%22%3A%22no%22%2C%22animation_type%22%3A%22bounce%22%7D%2C%7B%22image%22%3A%22571%22%2C%22title%22%3A%22Image%22%2C%22animate_block%22%3A%22no%22%2C%22animation_type%22%3A%22bounce%22%7D%2C%7B%22image%22%3A%22570%22%2C%22title%22%3A%22Image%22%2C%22animate_block%22%3A%22no%22%2C%22animation_type%22%3A%22bounce%22%7D%2C%7B%22image%22%3A%22568%22%2C%22title%22%3A%22Image%22%2C%22animate_block%22%3A%22no%22%2C%22animation_type%22%3A%22bounce%22%7D%2C%7B%22image%22%3A%22567%22%2C%22title%22%3A%22Image%22%2C%22animate_block%22%3A%22no%22%2C%22animation_type%22%3A%22bounce%22%7D%2C%7B%22image%22%3A%22572%22%2C%22title%22%3A%22Image%22%2C%22animate_block%22%3A%22no%22%2C%22animation_type%22%3A%22bounce%22%7D%5D&#8221; readmore_link=&#8221;https:\/\/tajbar.com.br\/galeria\/&#8221;][\/vc_column_inner][\/vc_row_inner][\/vc_column][\/vc_row][vc_row section_ratio=&#8221;1.1&#8243; section_background_image=&#8221;234&#8243; css=&#8221;.vc_custom_1593942722521{margin-right: 0px !important;margin-left: 0px !important;}&#8221;][vc_column css=&#8221;.vc_custom_1593812173744{padding-right: 0px !important;padding-left: 0px !important;}&#8221;][ts_testimonials_slider details=&#8221;%5B%7B%22date%22%3A%22LUGAR%20MARAVILHOSO!%22%2C%22testimonial%22%3A%22Excelente%20restaurante%2C%20com%20pratos%20maravilhosos%2C%20al%C3%A9m%20de%20uma%20vasta%20e%20deliciosa%20carta%20de%20drinks.%20A%20noite%20ainda%20tem%20DJ%20com%20um%20excelente%20repert%C3%B3rio%2C%20para%20completar%20a%20experi%C3%AAncia.%22%2C%22name%22%3A%22Lenita%20V.%22%7D%2C%7B%22date%22%3A%22UM%20LUGAR%20AGRAD%C3%81VEL%22%2C%22testimonial%22%3A%22Ambiente%20bem%20decorado%20e%20agrad%C3%A1vel%2C%20atendimento%20cordial%2C%20servem%20pratos%20diversificados%20de%20excelente%20qualidade%2C%20tudo%20isso%20acompanhado%20de%20uma%20boa%20m%C3%BAsica.%5Cn%22%2C%22name%22%3A%22Andre%20Janz%22%7D%2C%7B%22date%22%3A%22TAJ%22%2C%22testimonial%22%3A%22O%20atendimento%20no%20Taj%20%C3%A9%20excelente.%20As%20comidas%20ent%C3%A3o%2C%20meu%20Deus.%20Que%20del%C3%ADcia%20%3B-)%20Taj%20%C3%A9%20demais.%20Parab%C3%A9ns%20pelo%20sucesso%20!%22%2C%22name%22%3A%22Andre%20Janz%22%7D%5D&#8221;][\/vc_column][\/vc_row]<\/p>\n","protected":false},"excerpt":{"rendered":"<p>[vc_row motts_theme_padding=&#8221;no&#8221; css=&#8221;.vc_custom_1593721916552{margin-right: 0px !important;margin-left: 0px !important;}&#8221;][vc_column css=&#8221;.vc_custom_1628890255454{padding-right: 0px !important;padding-left: 0px !important;}&#8221; el_id=&#8221;slider&#8221; el_class=&#8221;slider&#8221;][ts_hero_slider hero_slider=&#8221;14&#8243;][\/vc_column][\/vc_row][vc_row content_placement=&#8221;middle&#8221; section_background_color=&#8221;#f5f1ea&#8221; use_container=&#8221;yes&#8221;][vc_column offset=&#8221;vc_col-md-6&#8243;][ts_side_content tagline=&#8221;TAJ Bar&#8221; title=&#8221;Explore os seus sentidos&#8221; description=&#8221;Bar tem\u00e1tico sofisticado estilo indo-asi\u00e1tico, com m\u00fasica e cozinha refinada.&#8221; button_label=&#8221;CONHE\u00c7A O TAJ&#8221; button_url=&#8221;https:\/\/www.instagram.com\/tajbc\/&#8221;][\/vc_column][vc_column offset=&#8221;vc_col-md-6&#8243;][ts_side_content title=&#8221;Reserve uma mesa&#8221; description=&#8221;O setor de reservas atende pelo WhatsApp 47 99651-0169&#8243; button_label=&#8221;RESERVAR VIA WHATS&#8221; [&hellip;]<\/p>\n","protected":false},"author":1,"featured_media":0,"parent":0,"menu_order":0,"comment_status":"closed","ping_status":"closed","template":"page-builder.php","meta":{"om_disable_all_campaigns":false,"footnotes":""},"class_list":["post-9","page","type-page","status-publish","hentry"],"_links":{"self":[{"href":"https:\/\/tajbar.com.br\/tajbc\/wp-json\/wp\/v2\/pages\/9","targetHints":{"allow":["GET"]}}],"collection":[{"href":"https:\/\/tajbar.com.br\/tajbc\/wp-json\/wp\/v2\/pages"}],"about":[{"href":"https:\/\/tajbar.com.br\/tajbc\/wp-json\/wp\/v2\/types\/page"}],"author":[{"embeddable":true,"href":"https:\/\/tajbar.com.br\/tajbc\/wp-json\/wp\/v2\/users\/1"}],"replies":[{"embeddable":true,"href":"https:\/\/tajbar.com.br\/tajbc\/wp-json\/wp\/v2\/comments?post=9"}],"version-history":[{"count":56,"href":"https:\/\/tajbar.com.br\/tajbc\/wp-json\/wp\/v2\/pages\/9\/revisions"}],"predecessor-version":[{"id":678,"href":"https:\/\/tajbar.com.br\/tajbc\/wp-json\/wp\/v2\/pages\/9\/revisions\/678"}],"wp:attachment":[{"href":"https:\/\/tajbar.com.br\/tajbc\/wp-json\/wp\/v2\/media?parent=9"}],"curies":[{"name":"wp","href":"https:\/\/api.w.org\/{rel}","templated":true}]}}