{"id":9,"date":"2020-07-02T17:42:52","date_gmt":"2020-07-02T17:42:52","guid":{"rendered":"http:\/\/steaque.themezinho.net\/?page_id=9"},"modified":"2024-02-16T09:42:12","modified_gmt":"2024-02-16T12:42:12","slug":"home","status":"publish","type":"page","link":"https:\/\/tajbar.com.br\/tajcuritiba\/","title":{"rendered":"Home"},"content":{"rendered":"<p>[vc_row motts_theme_padding=&#8221;no&#8221; css=&#8221;.vc_custom_1593721916552{margin-right: 0px !important;margin-left: 0px !important;}&#8221;][vc_column css=&#8221;.vc_custom_1628890255454{padding-right: 0px !important;padding-left: 0px !important;}&#8221; el_id=&#8221;slider&#8221; el_class=&#8221;slider&#8221;][ts_hero_slider hero_slider=&#8221;14&#8243;][\/vc_column][\/vc_row][vc_row content_placement=&#8221;middle&#8221; section_background_color=&#8221;#f5f1ea&#8221; use_container=&#8221;yes&#8221;][vc_column offset=&#8221;vc_col-md-6&#8243;][ts_side_content tagline=&#8221;TAJ Bar&#8221; title=&#8221;Explore os seus sentidos&#8221; description=&#8221;Bar tem\u00e1tico sofisticado estilo indo-asi\u00e1tico, com m\u00fasica e cozinha refinada.&#8221; button_label=&#8221;CONHE\u00c7A O TAJ&#8221; button_url=&#8221;https:\/\/mpembed.com\/show\/?m=3t1n1CPs3CC&amp;utm_source=4&amp;details=1&amp;logo=https:\/\/instagram.fbfh2-1.fna.fbcdn.net\/vp\/b273c9f20182cb21b0faa126f89543c6\/5C92D569\/t51.2885-19\/s150x150\/45402566_2300523730022859_1298180077401407488_n.jpg&amp;minimap=1&amp;hotspots=2&amp;filter=favorite&#8221;][\/vc_column][vc_column offset=&#8221;vc_col-md-6&#8243;][ts_side_content title=&#8221;Reserve uma mesa&#8221; description=&#8221;O setor de reservas atende pelo WhatsApp (41) 99264 5621&#8243; button_label=&#8221;RESERVAR VIA WHATS&#8221; button_url=&#8221;https:\/\/api.whatsapp.com\/send\/?phone=5541992645621&amp;text=Ol%C3%A1,Vim%20Pelo%20Site&#8221;][\/vc_column][\/vc_row][vc_row section_ratio=&#8221;1.1&#8243; use_container=&#8221;yes&#8221; use_predefined_class=&#8221;yes&#8221; section_background_image=&#8221;80&#8243; predefined_class=&#8221;bg-contain&#8221;][vc_column][vc_row_inner][vc_column_inner][ts_section_title tagline=&#8221;UM MENU COMPLETO&#8221; title=&#8221;Card\u00e1pio&#8221;][\/vc_column_inner][\/vc_row_inner][vc_row_inner el_class=&#8221;justify-content-center&#8221;][vc_column_inner width=&#8221;1\/3&#8243; offset=&#8221;vc_col-md-3&#8243;][ts_icon_box icon=&#8221;306&#8243; title=&#8221;COMBINADOS&#8221; description=&#8221;Variedade em combinados e uramakis&#8221;][\/vc_column_inner][vc_column_inner width=&#8221;1\/3&#8243; offset=&#8221;vc_col-md-3&#8243;][ts_icon_box icon=&#8221;307&#8243; title=&#8221;PRATOS QUENTES&#8221; description=&#8221;Para todos os gostos.&#8221;][\/vc_column_inner][vc_column_inner width=&#8221;1\/3&#8243; offset=&#8221;vc_col-md-3&#8243;][ts_icon_box icon=&#8221;308&#8243; title=&#8221;DRINKS&#8221; description=&#8221;Os Melhores Drinks Da Cidade.&#8221;][\/vc_column_inner][\/vc_row_inner][vc_row_inner el_class=&#8221;justify-content-center&#8221;][vc_column_inner][vc_empty_space height=&#8221;50px&#8221;][\/vc_column_inner][\/vc_row_inner][vc_row_inner el_class=&#8221;justify-content-center&#8221;][vc_column_inner width=&#8221;1\/3&#8243; offset=&#8221;vc_col-md-3&#8243;][ts_icon_box icon=&#8221;309&#8243; title=&#8221;SOBREMAS&#8221; description=&#8221;Para Ado\u00e7ar Sua Noite.&#8221;][\/vc_column_inner][vc_column_inner width=&#8221;1\/3&#8243; offset=&#8221;vc_col-md-3&#8243;][ts_icon_box icon=&#8221;310&#8243; title=&#8221;ENTRADAS&#8221; description=&#8221;Para compartilhar.&#8221;][\/vc_column_inner][\/vc_row_inner][\/vc_column][\/vc_row][vc_row motts_theme_padding=&#8221;no&#8221; css=&#8221;.vc_custom_1593956213575{margin-right: 0px !important;margin-left: 0px !important;}&#8221; el_class=&#8221;justify-content-center&#8221;][vc_column width=&#8221;1\/2&#8243; offset=&#8221;vc_col-md-4&#8243;][ts_menu_pack_box icon=&#8221;463&#8243; title=&#8221;SUSHI&#8221;][\/vc_column][vc_column width=&#8221;1\/2&#8243; offset=&#8221;vc_col-md-4&#8243;][ts_menu_pack_box icon=&#8221;462&#8243; title=&#8221;PRATOS QUENTES&#8221;][\/vc_column][vc_column width=&#8221;1\/2&#8243; offset=&#8221;vc_col-md-4&#8243;][ts_menu_pack_box icon=&#8221;459&#8243; title=&#8221;DRINKS&#8221;][\/vc_column][\/vc_row][vc_row use_container=&#8221;yes&#8221; css=&#8221;.vc_custom_1593809252003{margin-right: 0px !important;margin-left: 0px !important;}&#8221;][vc_column][vc_row_inner][vc_column_inner][ts_section_title tagline=&#8221;DELICIOSO&#8221; title=&#8221;Entradas&#8221;][\/vc_column_inner][\/vc_row_inner][vc_row_inner][vc_column_inner][ts_left_side_image_menu details=&#8221;%5B%7B%22food%22%3A%22Salmon%20Mac%20Bites%22%7D%2C%7B%22food%22%3A%22Camar%C3%A3o%20TAJ%22%7D%2C%7B%22food%22%3A%22Mignon%20Gogi%22%7D%2C%7B%22food%22%3A%22Dadinhos%20de%20tapioca%22%7D%2C%7B%22food%22%3A%22Lemon%20Pepper%20fries%22%7D%5D&#8221; image=&#8221;497&#8243; title=&#8221;Entradas&#8221; image_layer=&#8221;113&#8243;][\/vc_column_inner][\/vc_row_inner][vc_row_inner][vc_column_inner][ts_right_side_image_menu image=&#8221;499&#8243; title=&#8221;PRATOS PRINCIPAIS&#8221; details=&#8221;%5B%7B%22food%22%3A%22Yakissoba%20De%20Carne%22%7D%2C%7B%22food%22%3A%22Pasta%20Limone%22%7D%2C%7B%22food%22%3A%22Fil%C3%A9%20TAJ%22%7D%2C%7B%22food%22%3A%22%20Massa%20com%20Mignon%20e%20Gorgonzola%22%7D%2C%7B%22food%22%3A%22Risoto%20De%20Camar%C3%A3o%20E%20Lim%C3%A3o%20Siciliano%22%7D%5D&#8221; image_layer=&#8221;121&#8243;][\/vc_column_inner][\/vc_row_inner][\/vc_column][\/vc_row][vc_row section_ratio=&#8221;1.1&#8243; use_container=&#8221;yes&#8221; section_background_image=&#8221;52&#8243; css=&#8221;.vc_custom_1593864543218{margin-right: 0px !important;margin-left: 0px !important;}&#8221;][vc_column css=&#8221;.vc_custom_1593812142412{padding-right: 0px !important;padding-left: 0px !important;}&#8221;][vc_row_inner][vc_column_inner offset=&#8221;vc_col-md-6&#8243;][ts_service_box icon=&#8221;310&#8243; title=&#8221;BAR&#8221; description=&#8221;Aproveite o nosso Happy hour. Consulte hor\u00e1rios de atendimento.&#8221;][\/vc_column_inner][vc_column_inner offset=&#8221;vc_col-md-6&#8243;][ts_service_box icon=&#8221;323&#8243; title=&#8221;WINE MENU&#8221; description=&#8221;Toda quarta: Sele\u00e7\u00e3o de sequ\u00eancia de pratos (entrada, prato principal e sobremesa) + Open de vinho (tinto, ranco ou ros\u00e9). Consulte card\u00e1pio do dia e hor\u00e1rios de atendimento.&#8221;][\/vc_column_inner][\/vc_row_inner][vc_row_inner][vc_column_inner offset=&#8221;vc_col-md-6&#8243;][ts_service_box icon=&#8221;321&#8243; title=&#8221;COMBOS&#8221; description=&#8221;Os melhores kits de destilados.&#8221;][\/vc_column_inner][vc_column_inner offset=&#8221;vc_col-md-6&#8243;][ts_service_box icon=&#8221;322&#8243; title=&#8221;MENU VARIADO&#8221; description=&#8221;Op\u00e7\u00f5es de pratos kids e veganos.&#8221;][\/vc_column_inner][\/vc_row_inner][\/vc_column][\/vc_row][vc_row use_container=&#8221;yes&#8221;][vc_column][vc_row_inner][vc_column_inner][ts_section_title tagline=&#8221;ALGUNS MOMENTO&#8221; title=&#8221;Galeria&#8221;][\/vc_column_inner][\/vc_row_inner][vc_row_inner][vc_column_inner][ts_photo_gallery has_readmore=&#8221;yes&#8221; readmore_label=&#8221;VEJA TODAS AS FOTOS&#8221; details=&#8221;%5B%7B%22image%22%3A%22367%22%2C%22title%22%3A%22Image%22%2C%22animate_block%22%3A%22no%22%2C%22animation_type%22%3A%22bounce%22%7D%2C%7B%22image%22%3A%22368%22%2C%22title%22%3A%22Image%22%2C%22animate_block%22%3A%22no%22%2C%22animation_type%22%3A%22bounce%22%7D%2C%7B%22image%22%3A%22369%22%2C%22title%22%3A%22Image%22%2C%22animate_block%22%3A%22no%22%2C%22animation_type%22%3A%22bounce%22%7D%2C%7B%22image%22%3A%22370%22%2C%22title%22%3A%22Image%22%2C%22animate_block%22%3A%22no%22%2C%22animation_type%22%3A%22bounce%22%7D%2C%7B%22image%22%3A%22371%22%2C%22title%22%3A%22Image%22%2C%22animate_block%22%3A%22no%22%2C%22animation_type%22%3A%22bounce%22%7D%2C%7B%22image%22%3A%22372%22%2C%22title%22%3A%22Image%22%2C%22animate_block%22%3A%22no%22%2C%22animation_type%22%3A%22bounce%22%7D%5D&#8221; readmore_link=&#8221;\/galeria\/&#8221;][\/vc_column_inner][\/vc_row_inner][\/vc_column][\/vc_row][vc_row section_ratio=&#8221;1.1&#8243; section_background_image=&#8221;234&#8243; css=&#8221;.vc_custom_1593942722521{margin-right: 0px !important;margin-left: 0px !important;}&#8221;][vc_column css=&#8221;.vc_custom_1593812173744{padding-right: 0px !important;padding-left: 0px !important;}&#8221;][ts_testimonials_slider details=&#8221;%5B%7B%22date%22%3A%2222%20DE%20JUNHO%202021%22%2C%22testimonial%22%3A%22%5C%22Um%20%C3%B3timo%20lugar%3A%20decora%C3%A7%C3%A3o%20linda%20e%20sofisticada%2C%20pre%C3%A7os%20bons%20e%20m%C3%BAsica%20boa.%5C%22%22%2C%22name%22%3A%22Beatriz%22%7D%2C%7B%22date%22%3A%2203%20ABRIL%202021%22%2C%22testimonial%22%3A%22%5C%22%C3%93timas%20promo%C3%A7%C3%B5es%20de%20comida%20japonesa%20e%20outros%20itens%20do%20card%C3%A1pio.%5C%22%22%2C%22name%22%3A%22Andre%20Janz%22%7D%5D&#8221;][\/vc_column][\/vc_row]<\/p>\n","protected":false},"excerpt":{"rendered":"<p>[vc_row motts_theme_padding=&#8221;no&#8221; css=&#8221;.vc_custom_1593721916552{margin-right: 0px !important;margin-left: 0px !important;}&#8221;][vc_column css=&#8221;.vc_custom_1628890255454{padding-right: 0px !important;padding-left: 0px !important;}&#8221; el_id=&#8221;slider&#8221; el_class=&#8221;slider&#8221;][ts_hero_slider hero_slider=&#8221;14&#8243;][\/vc_column][\/vc_row][vc_row content_placement=&#8221;middle&#8221; section_background_color=&#8221;#f5f1ea&#8221; use_container=&#8221;yes&#8221;][vc_column offset=&#8221;vc_col-md-6&#8243;][ts_side_content tagline=&#8221;TAJ Bar&#8221; title=&#8221;Explore os seus sentidos&#8221; description=&#8221;Bar tem\u00e1tico sofisticado estilo indo-asi\u00e1tico, com m\u00fasica e cozinha refinada.&#8221; button_label=&#8221;CONHE\u00c7A O TAJ&#8221; button_url=&#8221;https:\/\/mpembed.com\/show\/?m=3t1n1CPs3CC&amp;utm_source=4&amp;details=1&amp;logo=https:\/\/instagram.fbfh2-1.fna.fbcdn.net\/vp\/b273c9f20182cb21b0faa126f89543c6\/5C92D569\/t51.2885-19\/s150x150\/45402566_2300523730022859_1298180077401407488_n.jpg&amp;minimap=1&amp;hotspots=2&amp;filter=favorite&#8221;][\/vc_column][vc_column offset=&#8221;vc_col-md-6&#8243;][ts_side_content title=&#8221;Reserve uma mesa&#8221; description=&#8221;O setor de reservas atende pelo WhatsApp (41) 99264 5621&#8243; button_label=&#8221;RESERVAR VIA [&hellip;]<\/p>\n","protected":false},"author":1,"featured_media":0,"parent":0,"menu_order":0,"comment_status":"closed","ping_status":"closed","template":"page-builder.php","meta":{"om_disable_all_campaigns":false,"_joinchat":[],"footnotes":""},"class_list":["post-9","page","type-page","status-publish","hentry"],"_links":{"self":[{"href":"https:\/\/tajbar.com.br\/tajcuritiba\/wp-json\/wp\/v2\/pages\/9","targetHints":{"allow":["GET"]}}],"collection":[{"href":"https:\/\/tajbar.com.br\/tajcuritiba\/wp-json\/wp\/v2\/pages"}],"about":[{"href":"https:\/\/tajbar.com.br\/tajcuritiba\/wp-json\/wp\/v2\/types\/page"}],"author":[{"embeddable":true,"href":"https:\/\/tajbar.com.br\/tajcuritiba\/wp-json\/wp\/v2\/users\/1"}],"replies":[{"embeddable":true,"href":"https:\/\/tajbar.com.br\/tajcuritiba\/wp-json\/wp\/v2\/comments?post=9"}],"version-history":[{"count":46,"href":"https:\/\/tajbar.com.br\/tajcuritiba\/wp-json\/wp\/v2\/pages\/9\/revisions"}],"predecessor-version":[{"id":581,"href":"https:\/\/tajbar.com.br\/tajcuritiba\/wp-json\/wp\/v2\/pages\/9\/revisions\/581"}],"wp:attachment":[{"href":"https:\/\/tajbar.com.br\/tajcuritiba\/wp-json\/wp\/v2\/media?parent=9"}],"curies":[{"name":"wp","href":"https:\/\/api.w.org\/{rel}","templated":true}]}}